{"id":15750,"date":"2024-02-24T14:45:05","date_gmt":"2024-02-24T14:45:05","guid":{"rendered":"https:\/\/sablon.sosyaldizayn.com\/avabis\/?page_id=15750"},"modified":"2025-04-07T12:21:29","modified_gmt":"2025-04-07T12:21:29","slug":"misyon-vizyon","status":"publish","type":"page","link":"https:\/\/sablon.sosyaldizayn.com\/avabis\/misyon-vizyon\/","title":{"rendered":"Misyon &#038; Vizyon"},"content":{"rendered":"\t\t<div data-elementor-type=\"wp-page\" data-elementor-id=\"15750\" class=\"elementor elementor-15750\">\n\t\t\t\t<div class=\"wd-negative-gap elementor-element elementor-element-a790adb e-flex e-con-boxed e-con e-parent\" data-id=\"a790adb\" data-element_type=\"container\" data-settings=\"{&quot;content_width&quot;:&quot;boxed&quot;}\" data-core-v316-plus=\"true\">\n\t\t\t\t\t<div class=\"e-con-inner\">\n\t\t<div class=\"elementor-element elementor-element-cc869c3 e-con-full e-flex e-con e-child\" data-id=\"cc869c3\" data-element_type=\"container\" data-settings=\"{&quot;content_width&quot;:&quot;full&quot;}\">\n\t\t\t\t<div class=\"elementor-element elementor-element-a2b0874 elementor-widget elementor-widget-image\" data-id=\"a2b0874\" data-element_type=\"widget\" data-widget_type=\"image.default\">\n\t\t\t\t<div class=\"elementor-widget-container\">\n\t\t\t<style>\/*! elementor - v3.19.0 - 07-02-2024 *\/\n.elementor-widget-image{text-align:center}.elementor-widget-image a{display:inline-block}.elementor-widget-image a img[src$=\".svg\"]{width:48px}.elementor-widget-image img{vertical-align:middle;display:inline-block}<\/style>\t\t\t\t\t\t\t\t\t\t<img fetchpriority=\"high\" decoding=\"async\" width=\"452\" height=\"580\" src=\"https:\/\/sablon.sosyaldizayn.com\/avabis\/wp-content\/uploads\/2024\/02\/misz-2.jpg\" class=\"attachment-large size-large wp-image-15753\" alt=\"\" srcset=\"https:\/\/sablon.sosyaldizayn.com\/avabis\/wp-content\/uploads\/2024\/02\/misz-2.jpg 452w, https:\/\/sablon.sosyaldizayn.com\/avabis\/wp-content\/uploads\/2024\/02\/misz-2-234x300.jpg 234w, https:\/\/sablon.sosyaldizayn.com\/avabis\/wp-content\/uploads\/2024\/02\/misz-2-430x552.jpg 430w, https:\/\/sablon.sosyaldizayn.com\/avabis\/wp-content\/uploads\/2024\/02\/misz-2-150x192.jpg 150w\" sizes=\"(max-width: 452px) 100vw, 452px\" \/>\t\t\t\t\t\t\t\t\t\t\t\t\t<\/div>\n\t\t\t\t<\/div>\n\t\t\t\t<\/div>\n\t\t<div class=\"elementor-element elementor-element-f33c4b3 e-con-full e-flex e-con e-child\" data-id=\"f33c4b3\" data-element_type=\"container\" data-settings=\"{&quot;content_width&quot;:&quot;full&quot;}\">\n\t\t\t\t<div class=\"elementor-element elementor-element-0349013 wd-width-100 elementor-widget elementor-widget-wd_title\" data-id=\"0349013\" data-element_type=\"widget\" data-widget_type=\"wd_title.default\">\n\t\t\t\t<div class=\"elementor-widget-container\">\n\t\t\t\t\t<div class=\"title-wrapper set-mb-s reset-last-child wd-title-color-default wd-title-style-bordered wd-title-size-default text-left\">\n\n\t\t\t\n\t\t\t<div class=\"liner-continer\">\n\t\t\t\t<h4 class=\"woodmart-title-container title wd-fontsize-l\">Misyon<\/h4> \n\t\t\t\t\t\t\t<\/div>\n\n\t\t\t\t\t<\/div>\n\t\t\t\t<\/div>\n\t\t\t\t<\/div>\n\t\t\t\t<div class=\"elementor-element elementor-element-73948b3 color-scheme-inherit text-left elementor-widget elementor-widget-text-editor\" data-id=\"73948b3\" data-element_type=\"widget\" data-widget_type=\"text-editor.default\">\n\t\t\t\t<div class=\"elementor-widget-container\">\n\t\t\t<style>\/*! elementor - v3.19.0 - 07-02-2024 *\/\n.elementor-widget-text-editor.elementor-drop-cap-view-stacked .elementor-drop-cap{background-color:#69727d;color:#fff}.elementor-widget-text-editor.elementor-drop-cap-view-framed .elementor-drop-cap{color:#69727d;border:3px solid;background-color:transparent}.elementor-widget-text-editor:not(.elementor-drop-cap-view-default) .elementor-drop-cap{margin-top:8px}.elementor-widget-text-editor:not(.elementor-drop-cap-view-default) .elementor-drop-cap-letter{width:1em;height:1em}.elementor-widget-text-editor .elementor-drop-cap{float:left;text-align:center;line-height:1;font-size:50px}.elementor-widget-text-editor .elementor-drop-cap-letter{display:inline-block}<\/style>\t\t\t\t<p class=\"\" data-start=\"130\" data-end=\"452\">AVAB\u0130S Dan\u0131\u015fmanl\u0131k ve Ticaret Ltd. \u015eti. olarak misyonumuz;<br data-start=\"188\" data-end=\"191\" \/>end\u00fcstriyel \u00fcretim alan\u0131nda faaliyet g\u00f6steren i\u015fletmelere, y\u00fcksek m\u00fchendislik temelli, yenilik\u00e7i ve g\u00fcvenilir \u00e7\u00f6z\u00fcmler sunarak; \u00fcretim s\u00fcre\u00e7lerinin verimlili\u011fini art\u0131rmak, teknolojik d\u00f6n\u00fc\u015f\u00fcm s\u00fcre\u00e7lerine katk\u0131 sa\u011flamak ve s\u00fcrd\u00fcr\u00fclebilir b\u00fcy\u00fcmeye destek olmakt\u0131r.<\/p><p class=\"\" data-start=\"454\" data-end=\"717\">Makine tedari\u011finden \u00fcretim hatt\u0131 kurulumuna, sat\u0131\u015f sonras\u0131 hizmetlerden uluslararas\u0131 tedarik y\u00f6netimine kadar uzanan geni\u015f hizmet yelpazemizle; m\u00fc\u015fterilerimizin ihtiya\u00e7lar\u0131na u\u00e7tan uca yan\u0131t veren, \u00e7\u00f6z\u00fcm odakl\u0131 ve uzun vadeli i\u015f ortakl\u0131klar\u0131 kurmay\u0131 hedefliyoruz.<\/p><p class=\"\" data-start=\"719\" data-end=\"899\">K\u00fcresel i\u015f birli\u011fi a\u011f\u0131m\u0131z, deneyimli uzman kadromuz ve m\u00fchendislik g\u00fcc\u00fcm\u00fczle; sanayi sekt\u00f6r\u00fcne katma de\u011fer sa\u011flayan, kalite odakl\u0131 bir hizmet anlay\u0131\u015f\u0131n\u0131 ilke edinmi\u015f bulunmaktay\u0131z.<\/p>\t\t\t\t\t\t<\/div>\n\t\t\t\t<\/div>\n\t\t\t\t<div class=\"elementor-element elementor-element-c419494 wd-width-100 elementor-widget elementor-widget-wd_title\" data-id=\"c419494\" data-element_type=\"widget\" data-widget_type=\"wd_title.default\">\n\t\t\t\t<div class=\"elementor-widget-container\">\n\t\t\t\t\t<div class=\"title-wrapper set-mb-s reset-last-child wd-title-color-default wd-title-style-bordered wd-title-size-default text-left\">\n\n\t\t\t\n\t\t\t<div class=\"liner-continer\">\n\t\t\t\t<h4 class=\"woodmart-title-container title wd-fontsize-l\">Vizyon<\/h4> \n\t\t\t\t\t\t\t<\/div>\n\n\t\t\t\t\t<\/div>\n\t\t\t\t<\/div>\n\t\t\t\t<\/div>\n\t\t\t\t<div class=\"elementor-element elementor-element-56506c1 color-scheme-inherit text-left elementor-widget elementor-widget-text-editor\" data-id=\"56506c1\" data-element_type=\"widget\" data-widget_type=\"text-editor.default\">\n\t\t\t\t<div class=\"elementor-widget-container\">\n\t\t\t\t\t\t\t<p>Vizyonumuz, \u00fcretim sekt\u00f6r\u00fcn\u00fcn ihtiya\u00e7 duydu\u011fu yenilik\u00e7i teknolojileri T\u00fcrkiyeye kazand\u0131rmak, sanayimizin global rekabet g\u00fcc\u00fcn\u00fc art\u0131rmak ve s\u00fcrd\u00fcr\u00fclebilir bir gelecek i\u00e7in de\u011fer \u00fcretmektir.<\/p>\t\t\t\t\t\t<\/div>\n\t\t\t\t<\/div>\n\t\t\t\t<\/div>\n\t\t\t\t\t<\/div>\n\t\t\t\t<\/div>\n\t\t\t\t<\/div>\n\t\t","protected":false},"excerpt":{"rendered":"<p>Misyon AVAB\u0130S Dan\u0131\u015fmanl\u0131k ve Ticaret Ltd. \u015eti. olarak misyonumuz;end\u00fcstriyel \u00fcretim alan\u0131nda faaliyet g\u00f6steren i\u015fletmelere, y\u00fcksek m\u00fchendislik temelli, yenilik\u00e7i ve g\u00fcvenilir<\/p>\n","protected":false},"author":1,"featured_media":0,"parent":0,"menu_order":0,"comment_status":"closed","ping_status":"closed","template":"","meta":{"footnotes":""},"class_list":["post-15750","page","type-page","status-publish","hentry"],"_links":{"self":[{"href":"https:\/\/sablon.sosyaldizayn.com\/avabis\/wp-json\/wp\/v2\/pages\/15750","targetHints":{"allow":["GET"]}}],"collection":[{"href":"https:\/\/sablon.sosyaldizayn.com\/avabis\/wp-json\/wp\/v2\/pages"}],"about":[{"href":"https:\/\/sablon.sosyaldizayn.com\/avabis\/wp-json\/wp\/v2\/types\/page"}],"author":[{"embeddable":true,"href":"https:\/\/sablon.sosyaldizayn.com\/avabis\/wp-json\/wp\/v2\/users\/1"}],"replies":[{"embeddable":true,"href":"https:\/\/sablon.sosyaldizayn.com\/avabis\/wp-json\/wp\/v2\/comments?post=15750"}],"version-history":[{"count":10,"href":"https:\/\/sablon.sosyaldizayn.com\/avabis\/wp-json\/wp\/v2\/pages\/15750\/revisions"}],"predecessor-version":[{"id":16487,"href":"https:\/\/sablon.sosyaldizayn.com\/avabis\/wp-json\/wp\/v2\/pages\/15750\/revisions\/16487"}],"wp:attachment":[{"href":"https:\/\/sablon.sosyaldizayn.com\/avabis\/wp-json\/wp\/v2\/media?parent=15750"}],"curies":[{"name":"wp","href":"https:\/\/api.w.org\/{rel}","templated":true}]}}