{"id":15773,"date":"2024-02-24T15:08:54","date_gmt":"2024-02-24T15:08:54","guid":{"rendered":"https:\/\/sablon.sosyaldizayn.com\/avabis\/?page_id=15773"},"modified":"2025-04-07T14:39:48","modified_gmt":"2025-04-07T14:39:48","slug":"hizmetlerimiz","status":"publish","type":"page","link":"https:\/\/sablon.sosyaldizayn.com\/avabis\/hizmetlerimiz\/","title":{"rendered":"Hizmetlerimiz"},"content":{"rendered":"\t\t<div data-elementor-type=\"wp-page\" data-elementor-id=\"15773\" class=\"elementor elementor-15773\">\n\t\t\t\t<div class=\"wd-negative-gap elementor-element elementor-element-fb2499d e-flex e-con-boxed e-con e-parent\" data-id=\"fb2499d\" data-element_type=\"container\" data-settings=\"{&quot;content_width&quot;:&quot;boxed&quot;}\" data-core-v316-plus=\"true\">\n\t\t\t\t\t<div class=\"e-con-inner\">\n\t\t\t\t\t<\/div>\n\t\t\t\t<\/div>\n\t\t<div class=\"wd-negative-gap elementor-element elementor-element-de71253 e-flex e-con-boxed e-con e-parent\" data-id=\"de71253\" data-element_type=\"container\" data-settings=\"{&quot;content_width&quot;:&quot;boxed&quot;}\" data-core-v316-plus=\"true\">\n\t\t\t\t\t<div class=\"e-con-inner\">\n\t\t\t\t<div class=\"elementor-element elementor-element-7502c1e elementor-widget elementor-widget-wd_text_block\" data-id=\"7502c1e\" data-element_type=\"widget\" data-widget_type=\"wd_text_block.default\">\n\t\t\t\t<div class=\"elementor-widget-container\">\n\t\t\t\t\t<div class=\"wd-text-block reset-last-child text-left\">\n\t\t\t\n\t\t\t<p><strong>Ne Sunuyoruz?<\/strong><\/p><p>\ud83d\udd39 \u00dcretim s\u00fcre\u00e7lerinize \u00f6zel makina \u00e7\u00f6z\u00fcmleri<br \/>\ud83d\udd39 \u00dcretim hatt\u0131 kurulumu ve \u00fcretim hatt\u0131 tasar\u0131m\u0131<br \/>\ud83d\udd39 Sat\u0131\u015f sonras\u0131 teknik servis ve yedek par\u00e7a deste\u011fi<br \/>\ud83d\udd39 Global tedarik a\u011f\u0131yla en g\u00fcncel teknolojilere eri\u015fim<\/p><p>Her projeye, sanki kendi \u00fcretimimizmi\u015f gibi yakla\u015f\u0131r\u0131z.<\/p><p><strong>\ud83c\udfed \u00dcretim Hatt\u0131 Kurulumu<\/strong><\/p><p>Fabrika yat\u0131r\u0131m projelerinizde, A\u2019dan Z\u2019ye \u00e7\u00f6z\u00fcmler sunuyoruz. \u00dcretim hatt\u0131n\u0131n planlanmas\u0131, makina yerle\u015fimi, otomasyon entegrasyonu ve devreye alma s\u00fcre\u00e7lerini uzman kadromuzla birlikte y\u00f6netiyoruz.<\/p><p><strong>\ud83d\udcbc Proje ve \u00dcr\u00fcn Geli\u015ftirme Dan\u0131\u015fmanl\u0131\u011f\u0131<\/strong><\/p><p>Yeni bir \u00fcr\u00fcn geli\u015ftiriyor veya \u00fcretim hatt\u0131n\u0131z\u0131 yeniliyorsan\u0131z, do\u011fru teknolojilere ve tedarik\u00e7ilere ula\u015fman\u0131zda yol arkada\u015f\u0131 oluyoruz. \u00dcr\u00fcn bazl\u0131 ihtiya\u00e7 analizi, ekipman se\u00e7imi ve s\u00fcre\u00e7 optimizasyonu konular\u0131nda m\u00fchendislik dan\u0131\u015fmanl\u0131\u011f\u0131 sa\u011fl\u0131yoruz.<\/p><p><strong>\ud83e\uddf0 Sat\u0131\u015f Sonras\u0131 Teknik Destek<\/strong><\/p><p>Sat\u0131\u015f sonras\u0131 s\u00fcre\u00e7lerde de m\u00fc\u015fterilerimizin yan\u0131nday\u0131z. \u0130stanbul\u2019daki at\u00f6lyemiz ve sahada g\u00f6rev yapan teknik ekibimizle bak\u0131m, ar\u0131za m\u00fcdahalesi, yedek par\u00e7a temini ve yeniden kurulum gibi hizmetleri h\u0131zl\u0131 ve g\u00fcvenli \u015fekilde sunuyoruz.<\/p><p><strong>\ud83c\udf10 Global Tedarik ve Lojistik Deste\u011fi<\/strong><\/p><p>\u00c7in, G\u00fcney Kore, Tayvan ve Avrupa\u2019daki g\u00fc\u00e7l\u00fc i\u015f ortakl\u0131klar\u0131m\u0131z sayesinde, do\u011fru \u00fcr\u00fcn\u00fc do\u011fru zamanda ve do\u011fru fiyatla tedarik ediyoruz. \u00c7in ofisimiz sayesinde sahada \u00fcretici ziyareti, kalite kontrol ve lojistik takibini yerinde y\u00fcr\u00fct\u00fcyoruz.<\/p>\n\t\t\t\t\t<\/div>\n\t\t\t\t<\/div>\n\t\t\t\t<\/div>\n\t\t\t\t\t<\/div>\n\t\t\t\t<\/div>\n\t\t\t\t<\/div>\n\t\t","protected":false},"excerpt":{"rendered":"<p>Ne Sunuyoruz? \ud83d\udd39 \u00dcretim s\u00fcre\u00e7lerinize \u00f6zel makina \u00e7\u00f6z\u00fcmleri\ud83d\udd39 \u00dcretim hatt\u0131 kurulumu ve \u00fcretim hatt\u0131 tasar\u0131m\u0131\ud83d\udd39 Sat\u0131\u015f sonras\u0131 teknik servis ve<\/p>\n","protected":false},"author":1,"featured_media":0,"parent":0,"menu_order":0,"comment_status":"closed","ping_status":"closed","template":"","meta":{"footnotes":""},"class_list":["post-15773","page","type-page","status-publish","hentry"],"_links":{"self":[{"href":"https:\/\/sablon.sosyaldizayn.com\/avabis\/wp-json\/wp\/v2\/pages\/15773","targetHints":{"allow":["GET"]}}],"collection":[{"href":"https:\/\/sablon.sosyaldizayn.com\/avabis\/wp-json\/wp\/v2\/pages"}],"about":[{"href":"https:\/\/sablon.sosyaldizayn.com\/avabis\/wp-json\/wp\/v2\/types\/page"}],"author":[{"embeddable":true,"href":"https:\/\/sablon.sosyaldizayn.com\/avabis\/wp-json\/wp\/v2\/users\/1"}],"replies":[{"embeddable":true,"href":"https:\/\/sablon.sosyaldizayn.com\/avabis\/wp-json\/wp\/v2\/comments?post=15773"}],"version-history":[{"count":10,"href":"https:\/\/sablon.sosyaldizayn.com\/avabis\/wp-json\/wp\/v2\/pages\/15773\/revisions"}],"predecessor-version":[{"id":16520,"href":"https:\/\/sablon.sosyaldizayn.com\/avabis\/wp-json\/wp\/v2\/pages\/15773\/revisions\/16520"}],"wp:attachment":[{"href":"https:\/\/sablon.sosyaldizayn.com\/avabis\/wp-json\/wp\/v2\/media?parent=15773"}],"curies":[{"name":"wp","href":"https:\/\/api.w.org\/{rel}","templated":true}]}}