{"id":4400,"date":"2021-10-12T15:51:09","date_gmt":"2021-10-12T15:51:09","guid":{"rendered":"http:\/\/dummy.xtemos.com\/woodmart2\/elementor\/?page_id=4400"},"modified":"2025-04-07T11:34:50","modified_gmt":"2025-04-07T11:34:50","slug":"hakkimizda","status":"publish","type":"page","link":"https:\/\/sablon.sosyaldizayn.com\/avabis\/hakkimizda\/","title":{"rendered":"Hakk\u0131m\u0131zda"},"content":{"rendered":"\t\t<div data-elementor-type=\"wp-page\" data-elementor-id=\"4400\" class=\"elementor elementor-4400\">\n\t\t\t\t<div class=\"wd-negative-gap elementor-element elementor-element-7c7c544 e-flex e-con-boxed e-con e-parent\" data-id=\"7c7c544\" data-element_type=\"container\" data-settings=\"{&quot;content_width&quot;:&quot;boxed&quot;}\" data-core-v316-plus=\"true\">\n\t\t\t\t\t<div class=\"e-con-inner\">\n\t\t<div class=\"elementor-element elementor-element-e7cb5cd e-con-full e-flex e-con e-child\" data-id=\"e7cb5cd\" data-element_type=\"container\" data-settings=\"{&quot;content_width&quot;:&quot;full&quot;}\">\n\t\t\t\t<div class=\"elementor-element elementor-element-56aec39 elementor-widget elementor-widget-wd_image_or_svg\" data-id=\"56aec39\" data-element_type=\"widget\" data-widget_type=\"wd_image_or_svg.default\">\n\t\t\t\t<div class=\"elementor-widget-container\">\n\t\t\t\n\t\t<div class=\"wd-image text-left\">\n\t\t\t\t\t\t\t\t<img fetchpriority=\"high\" decoding=\"async\" width=\"580\" height=\"580\" src=\"https:\/\/sablon.sosyaldizayn.com\/avabis\/wp-content\/uploads\/2024\/02\/hak2.jpg\" class=\"attachment-full size-full\" alt=\"\" srcset=\"https:\/\/sablon.sosyaldizayn.com\/avabis\/wp-content\/uploads\/2024\/02\/hak2.jpg 580w, https:\/\/sablon.sosyaldizayn.com\/avabis\/wp-content\/uploads\/2024\/02\/hak2-300x300.jpg 300w, https:\/\/sablon.sosyaldizayn.com\/avabis\/wp-content\/uploads\/2024\/02\/hak2-150x150.jpg 150w, https:\/\/sablon.sosyaldizayn.com\/avabis\/wp-content\/uploads\/2024\/02\/hak2-430x430.jpg 430w\" sizes=\"(max-width: 580px) 100vw, 580px\" \/>\t\t\t\t\t<\/div>\n\n\t\t\t\t<\/div>\n\t\t\t\t<\/div>\n\t\t\t\t<\/div>\n\t\t<div class=\"elementor-element elementor-element-97d6084 e-con-full e-flex e-con e-child\" data-id=\"97d6084\" data-element_type=\"container\" data-settings=\"{&quot;content_width&quot;:&quot;full&quot;}\">\n\t\t\t\t<div class=\"elementor-element elementor-element-98d830b elementor-widget__width-initial wd-width-100 elementor-widget elementor-widget-wd_title\" data-id=\"98d830b\" data-element_type=\"widget\" data-widget_type=\"wd_title.default\">\n\t\t\t\t<div class=\"elementor-widget-container\">\n\t\t\t\t\t<div class=\"title-wrapper set-mb-s reset-last-child wd-title-color-primary wd-title-style-default wd-title-size-large text-left\">\n\n\t\t\t\t\t\t\t<div class=\"title-subtitle subtitle-color-primary subtitle-style-default wd-fontsize-xs\">\n\t\t\t\t\tAVAB\u0130S Dan\u0131\u015fmanl\u0131k ve Ticaret Ltd. \u015eti.\t\t\t\t<\/div>\n\t\t\t\n\t\t\t<div class=\"liner-continer\">\n\t\t\t\t<h4 class=\"woodmart-title-container title wd-fontsize-xxl\">Hakk\u0131m\u0131zda<\/h4> \n\t\t\t\t\t\t\t<\/div>\n\n\t\t\t\t\t<\/div>\n\t\t\t\t<\/div>\n\t\t\t\t<\/div>\n\t\t\t\t<div class=\"elementor-element elementor-element-66e47ad elementor-widget elementor-widget-wd_text_block\" data-id=\"66e47ad\" data-element_type=\"widget\" data-widget_type=\"wd_text_block.default\">\n\t\t\t\t<div class=\"elementor-widget-container\">\n\t\t\t\t\t<div class=\"wd-text-block reset-last-child text-left\">\n\t\t\t\n\t\t\t<p>2007 y\u0131l\u0131nda \u0130stanbul\u2019da kurulan <strong>AVAB\u0130S Dan\u0131\u015fmanl\u0131k ve Ticaret Ltd. \u015eti.<\/strong>, sanayi makinalar\u0131 tedari\u011fi, \u00fcretim hatt\u0131 kurulumu ve sat\u0131\u015f sonras\u0131 teknik hizmetler alanlar\u0131nda uzmanla\u015fm\u0131\u015f bir m\u00fchendislik ve d\u0131\u015f ticaret firmas\u0131d\u0131r. T\u00fcrkiye\u2019deki merkez ofisimize ek olarak \u00c7in\u2019in Guangzhou \u015fehrinde bulunan ofisimizle, m\u00fc\u015fterilerimize do\u011frudan, g\u00fcvenilir ve s\u00fcrd\u00fcr\u00fclebilir \u00e7\u00f6z\u00fcmler sunmaktay\u0131z.<\/p><p>Kuruldu\u011fumuz g\u00fcnden bu yana amac\u0131m\u0131z, d\u00fcnya genelindeki ileri \u00fcretim teknolojilerini T\u00fcrk sanayisine kazand\u0131rmak ve m\u00fc\u015fterilerimizin verimlili\u011fini art\u0131racak yenilik\u00e7i \u00e7\u00f6z\u00fcmler sunmakt\u0131r.<\/p><p><strong>Faaliyet Alanlar\u0131m\u0131z<\/strong><\/p><ul><li>Sac metal i\u015fleme, boru i\u015fleme, \u0131s\u0131 e\u015fanj\u00f6r\u00fc \u00fcretimi ve lehimleme uygulamalar\u0131 gibi alanlara y\u00f6nelik <strong>makina ve ekipman tedari\u011fi<\/strong><\/li><li><strong>\u00dcretim hatlar\u0131n\u0131n kurulumu<\/strong> ve \u00f6zelle\u015ftirilmi\u015f \u00fcretim \u00e7\u00f6z\u00fcmleri<\/li><li><strong>\u00dcr\u00fcn geli\u015ftirme ve fabrika projeleri i\u00e7in dan\u0131\u015fmanl\u0131k hizmetleri<\/strong><\/li><li>Sat\u0131\u015f sonras\u0131 <strong>bak\u0131m, onar\u0131m ve yedek par\u00e7a temini<\/strong><\/li><\/ul><p><strong>Teknik Uzmanl\u0131k<\/strong><\/p><p>AVAB\u0130S, 25 y\u0131l\u0131 a\u015fk\u0131n tecr\u00fcbeye sahip teknik kadrosuyla m\u00fc\u015fterilerine sadece \u00fcr\u00fcn de\u011fil, ayn\u0131 zamanda uzun vadeli i\u015f ortakl\u0131\u011f\u0131 sunar. \u0130stanbul\u2019daki sat\u0131\u015f sonras\u0131 at\u00f6lyemiz ve sahada g\u00f6rev alan uzman teknisyenlerimiz sayesinde, makinalar\u0131n\u0131z\u0131n kurulumu ve i\u015fletmeye al\u0131nmas\u0131 g\u00fcvenle ger\u00e7ekle\u015ftirilir.<\/p><p><strong>Uluslararas\u0131 Tedarik ve \u0130\u015f Ortakl\u0131klar\u0131<\/strong><\/p><p>Hong Kong, Dubai ve Guangzhou\u2019daki stratejik ortakl\u0131klar\u0131m\u0131z sayesinde; y\u00fcksek kaliteli ve rekabet\u00e7i \u00fcr\u00fcnleri en h\u0131zl\u0131 ve g\u00fcvenilir \u015fekilde tedarik ediyoruz.<\/p>\n\t\t\t\t\t<\/div>\n\t\t\t\t<\/div>\n\t\t\t\t<\/div>\n\t\t<div class=\"elementor-element elementor-element-3eef7d8 e-con-full e-flex e-con e-child\" data-id=\"3eef7d8\" data-element_type=\"container\" data-settings=\"{&quot;content_width&quot;:&quot;full&quot;}\">\n\t\t\t\t<div class=\"elementor-element elementor-element-ee232e9 elementor-widget__width-auto elementor-hidden-phone elementor-widget elementor-widget-wd_social_buttons\" data-id=\"ee232e9\" data-element_type=\"widget\" data-widget_type=\"wd_social_buttons.default\">\n\t\t\t\t<div class=\"elementor-widget-container\">\n\t\t\t\n\t\t\t<div class=\" wd-social-icons icons-design-colored-alt icons-size-small color-scheme-dark social-share social-form-circle text-left\">\n\n\t\t\t\t\n\t\t\t\t\t\t\t\t\t<a rel=\"noopener noreferrer nofollow\" href=\"https:\/\/www.facebook.com\/sharer\/sharer.php?u=https:\/\/sablon.sosyaldizayn.com\/avabis\/hakkimizda\/\" target=\"_blank\" class=\" wd-social-icon social-facebook\" aria-label=\"Facebook social link\">\n\t\t\t\t\t\t<span class=\"wd-icon\"><\/span>\n\t\t\t\t\t\t\t\t\t\t\t<\/a>\n\t\t\t\t\n\t\t\t\t\t\t\t\t\t<a rel=\"noopener noreferrer nofollow\" href=\"https:\/\/x.com\/share?url=https:\/\/sablon.sosyaldizayn.com\/avabis\/hakkimizda\/\" target=\"_blank\" class=\" wd-social-icon social-twitter\" aria-label=\"X social link\">\n\t\t\t\t\t\t<span class=\"wd-icon\"><\/span>\n\t\t\t\t\t\t\t\t\t\t\t<\/a>\n\t\t\t\t\n\t\t\t\t\n\t\t\t\t\n\t\t\t\t\n\t\t\t\t\t\t\t\t\t<a rel=\"noopener noreferrer nofollow\" href=\"https:\/\/pinterest.com\/pin\/create\/button\/?url=https:\/\/sablon.sosyaldizayn.com\/avabis\/hakkimizda\/&media=https:\/\/sablon.sosyaldizayn.com\/avabis\/wp-includes\/images\/media\/default.svg&description=Hakk%C4%B1m%C4%B1zda\" target=\"_blank\" class=\" wd-social-icon social-pinterest\" aria-label=\"Pinterest social link\">\n\t\t\t\t\t\t<span class=\"wd-icon\"><\/span>\n\t\t\t\t\t\t\t\t\t\t\t<\/a>\n\t\t\t\t\n\t\t\t\t\n\t\t\t\t\t\t\t\t\t<a rel=\"noopener noreferrer nofollow\" href=\"https:\/\/www.linkedin.com\/shareArticle?mini=true&url=https:\/\/sablon.sosyaldizayn.com\/avabis\/hakkimizda\/\" target=\"_blank\" class=\" wd-social-icon social-linkedin\" aria-label=\"Linkedin social link\">\n\t\t\t\t\t\t<span class=\"wd-icon\"><\/span>\n\t\t\t\t\t\t\t\t\t\t\t<\/a>\n\t\t\t\t\n\t\t\t\t\n\t\t\t\t\n\t\t\t\t\n\t\t\t\t\n\t\t\t\t\n\t\t\t\t\n\t\t\t\t\n\t\t\t\t\n\t\t\t\t\n\t\t\t\t\t\t\t\t\n\t\t\t\t\t\t\t\t\n\t\t\t\t\n\t\t\t\t\n\t\t\t\t\t\t\t\t\t<a rel=\"noopener noreferrer nofollow\" href=\"https:\/\/telegram.me\/share\/url?url=https:\/\/sablon.sosyaldizayn.com\/avabis\/hakkimizda\/\" target=\"_blank\" class=\" wd-social-icon social-tg\" aria-label=\"Telegram social link\">\n\t\t\t\t\t\t<span class=\"wd-icon\"><\/span>\n\t\t\t\t\t\t\t\t\t\t\t<\/a>\n\t\t\t\t\t\t\t\t\n\t\t\t\t\n\t\t\t<\/div>\n\n\t\t\t\t<\/div>\n\t\t\t\t<\/div>\n\t\t\t\t<\/div>\n\t\t\t\t<\/div>\n\t\t\t\t\t<\/div>\n\t\t\t\t<\/div>\n\t\t\t\t<\/div>\n\t\t","protected":false},"excerpt":{"rendered":"<p>AVAB\u0130S Dan\u0131\u015fmanl\u0131k ve Ticaret Ltd. \u015eti. Hakk\u0131m\u0131zda 2007 y\u0131l\u0131nda \u0130stanbul\u2019da kurulan AVAB\u0130S Dan\u0131\u015fmanl\u0131k ve Ticaret Ltd. \u015eti., sanayi makinalar\u0131 tedari\u011fi,<\/p>\n","protected":false},"author":1,"featured_media":0,"parent":0,"menu_order":0,"comment_status":"closed","ping_status":"closed","template":"","meta":{"footnotes":""},"class_list":["post-4400","page","type-page","status-publish","hentry"],"_links":{"self":[{"href":"https:\/\/sablon.sosyaldizayn.com\/avabis\/wp-json\/wp\/v2\/pages\/4400","targetHints":{"allow":["GET"]}}],"collection":[{"href":"https:\/\/sablon.sosyaldizayn.com\/avabis\/wp-json\/wp\/v2\/pages"}],"about":[{"href":"https:\/\/sablon.sosyaldizayn.com\/avabis\/wp-json\/wp\/v2\/types\/page"}],"author":[{"embeddable":true,"href":"https:\/\/sablon.sosyaldizayn.com\/avabis\/wp-json\/wp\/v2\/users\/1"}],"replies":[{"embeddable":true,"href":"https:\/\/sablon.sosyaldizayn.com\/avabis\/wp-json\/wp\/v2\/comments?post=4400"}],"version-history":[{"count":19,"href":"https:\/\/sablon.sosyaldizayn.com\/avabis\/wp-json\/wp\/v2\/pages\/4400\/revisions"}],"predecessor-version":[{"id":16476,"href":"https:\/\/sablon.sosyaldizayn.com\/avabis\/wp-json\/wp\/v2\/pages\/4400\/revisions\/16476"}],"wp:attachment":[{"href":"https:\/\/sablon.sosyaldizayn.com\/avabis\/wp-json\/wp\/v2\/media?parent=4400"}],"curies":[{"name":"wp","href":"https:\/\/api.w.org\/{rel}","templated":true}]}}