{"id":16209,"date":"2025-04-06T17:47:51","date_gmt":"2025-04-06T17:47:51","guid":{"rendered":"https:\/\/sablon.sosyaldizayn.com\/avabis\/?post_type=product&#038;p=16209"},"modified":"2025-04-07T14:02:09","modified_gmt":"2025-04-07T14:02:09","slug":"jadon-j31g-yuksek-hizli-pres-makinasi","status":"publish","type":"product","link":"https:\/\/sablon.sosyaldizayn.com\/avabis\/urun\/jadon-j31g-yuksek-hizli-pres-makinasi\/","title":{"rendered":"JADON J31G Y\u00fcksek H\u0131zl\u0131 Pres Makinas\u0131"},"content":{"rendered":"","protected":false},"excerpt":{"rendered":"","protected":false},"featured_media":16163,"template":"","meta":[],"product_cat":[115,84],"product_tag":[],"class_list":{"0":"post-16209","1":"product","2":"type-product","3":"status-publish","4":"has-post-thumbnail","6":"product_cat-baski-presleri","7":"product_cat-yuksek-hizli-pres-makinalari","9":"first","10":"instock","11":"shipping-taxable","12":"product-type-simple"},"_links":{"self":[{"href":"https:\/\/sablon.sosyaldizayn.com\/avabis\/wp-json\/wp\/v2\/product\/16209","targetHints":{"allow":["GET"]}}],"collection":[{"href":"https:\/\/sablon.sosyaldizayn.com\/avabis\/wp-json\/wp\/v2\/product"}],"about":[{"href":"https:\/\/sablon.sosyaldizayn.com\/avabis\/wp-json\/wp\/v2\/types\/product"}],"version-history":[{"count":2,"href":"https:\/\/sablon.sosyaldizayn.com\/avabis\/wp-json\/wp\/v2\/product\/16209\/revisions"}],"predecessor-version":[{"id":16250,"href":"https:\/\/sablon.sosyaldizayn.com\/avabis\/wp-json\/wp\/v2\/product\/16209\/revisions\/16250"}],"wp:featuredmedia":[{"embeddable":true,"href":"https:\/\/sablon.sosyaldizayn.com\/avabis\/wp-json\/wp\/v2\/media\/16163"}],"wp:attachment":[{"href":"https:\/\/sablon.sosyaldizayn.com\/avabis\/wp-json\/wp\/v2\/media?parent=16209"}],"wp:term":[{"taxonomy":"product_cat","embeddable":true,"href":"https:\/\/sablon.sosyaldizayn.com\/avabis\/wp-json\/wp\/v2\/product_cat?post=16209"},{"taxonomy":"product_tag","embeddable":true,"href":"https:\/\/sablon.sosyaldizayn.com\/avabis\/wp-json\/wp\/v2\/product_tag?post=16209"}],"curies":[{"name":"wp","href":"https:\/\/api.w.org\/{rel}","templated":true}]}}