{"id":16307,"date":"2025-04-07T00:22:49","date_gmt":"2025-04-07T00:22:49","guid":{"rendered":"https:\/\/sablon.sosyaldizayn.com\/avabis\/?post_type=product&#038;p=16307"},"modified":"2025-04-07T00:40:15","modified_gmt":"2025-04-07T00:40:15","slug":"cnc-uc-sekillendirme-makinalari","status":"publish","type":"product","link":"https:\/\/sablon.sosyaldizayn.com\/avabis\/urun\/cnc-uc-sekillendirme-makinalari\/","title":{"rendered":"CNC U\u00e7 \u015eekillendirme Makinalar\u0131"},"content":{"rendered":"","protected":false},"excerpt":{"rendered":"","protected":false},"featured_media":16309,"template":"","meta":[],"product_cat":[100],"product_tag":[],"class_list":{"0":"post-16307","1":"product","2":"type-product","3":"status-publish","4":"has-post-thumbnail","6":"product_cat-cnc-uc-sekillendirme-makinalari","8":"first","9":"instock","10":"shipping-taxable","11":"product-type-simple"},"_links":{"self":[{"href":"https:\/\/sablon.sosyaldizayn.com\/avabis\/wp-json\/wp\/v2\/product\/16307","targetHints":{"allow":["GET"]}}],"collection":[{"href":"https:\/\/sablon.sosyaldizayn.com\/avabis\/wp-json\/wp\/v2\/product"}],"about":[{"href":"https:\/\/sablon.sosyaldizayn.com\/avabis\/wp-json\/wp\/v2\/types\/product"}],"version-history":[{"count":1,"href":"https:\/\/sablon.sosyaldizayn.com\/avabis\/wp-json\/wp\/v2\/product\/16307\/revisions"}],"predecessor-version":[{"id":16314,"href":"https:\/\/sablon.sosyaldizayn.com\/avabis\/wp-json\/wp\/v2\/product\/16307\/revisions\/16314"}],"wp:featuredmedia":[{"embeddable":true,"href":"https:\/\/sablon.sosyaldizayn.com\/avabis\/wp-json\/wp\/v2\/media\/16309"}],"wp:attachment":[{"href":"https:\/\/sablon.sosyaldizayn.com\/avabis\/wp-json\/wp\/v2\/media?parent=16307"}],"wp:term":[{"taxonomy":"product_cat","embeddable":true,"href":"https:\/\/sablon.sosyaldizayn.com\/avabis\/wp-json\/wp\/v2\/product_cat?post=16307"},{"taxonomy":"product_tag","embeddable":true,"href":"https:\/\/sablon.sosyaldizayn.com\/avabis\/wp-json\/wp\/v2\/product_tag?post=16307"}],"curies":[{"name":"wp","href":"https:\/\/api.w.org\/{rel}","templated":true}]}}