{"id":16343,"date":"2025-04-07T05:13:11","date_gmt":"2025-04-07T05:13:11","guid":{"rendered":"https:\/\/sablon.sosyaldizayn.com\/avabis\/?post_type=product&#038;p=16343"},"modified":"2025-04-07T05:13:11","modified_gmt":"2025-04-07T05:13:11","slug":"firkete-bukuculer","status":"publish","type":"product","link":"https:\/\/sablon.sosyaldizayn.com\/avabis\/urun\/firkete-bukuculer\/","title":{"rendered":"Firkete B\u00fck\u00fcc\u00fcler"},"content":{"rendered":"","protected":false},"excerpt":{"rendered":"","protected":false},"featured_media":16345,"template":"","meta":[],"product_cat":[101],"product_tag":[],"class_list":{"0":"post-16343","1":"product","2":"type-product","3":"status-publish","4":"has-post-thumbnail","6":"product_cat-firkete-bukuculer","8":"first","9":"instock","10":"shipping-taxable","11":"product-type-simple"},"_links":{"self":[{"href":"https:\/\/sablon.sosyaldizayn.com\/avabis\/wp-json\/wp\/v2\/product\/16343","targetHints":{"allow":["GET"]}}],"collection":[{"href":"https:\/\/sablon.sosyaldizayn.com\/avabis\/wp-json\/wp\/v2\/product"}],"about":[{"href":"https:\/\/sablon.sosyaldizayn.com\/avabis\/wp-json\/wp\/v2\/types\/product"}],"version-history":[{"count":1,"href":"https:\/\/sablon.sosyaldizayn.com\/avabis\/wp-json\/wp\/v2\/product\/16343\/revisions"}],"predecessor-version":[{"id":16346,"href":"https:\/\/sablon.sosyaldizayn.com\/avabis\/wp-json\/wp\/v2\/product\/16343\/revisions\/16346"}],"wp:featuredmedia":[{"embeddable":true,"href":"https:\/\/sablon.sosyaldizayn.com\/avabis\/wp-json\/wp\/v2\/media\/16345"}],"wp:attachment":[{"href":"https:\/\/sablon.sosyaldizayn.com\/avabis\/wp-json\/wp\/v2\/media?parent=16343"}],"wp:term":[{"taxonomy":"product_cat","embeddable":true,"href":"https:\/\/sablon.sosyaldizayn.com\/avabis\/wp-json\/wp\/v2\/product_cat?post=16343"},{"taxonomy":"product_tag","embeddable":true,"href":"https:\/\/sablon.sosyaldizayn.com\/avabis\/wp-json\/wp\/v2\/product_tag?post=16343"}],"curies":[{"name":"wp","href":"https:\/\/api.w.org\/{rel}","templated":true}]}}