{"id":16418,"date":"2025-04-07T05:40:56","date_gmt":"2025-04-07T05:40:56","guid":{"rendered":"https:\/\/sablon.sosyaldizayn.com\/avabis\/?post_type=product&#038;p=16418"},"modified":"2025-04-07T05:40:56","modified_gmt":"2025-04-07T05:40:56","slug":"induksiyon-isitmali-lehimleme-makinalari","status":"publish","type":"product","link":"https:\/\/sablon.sosyaldizayn.com\/avabis\/urun\/induksiyon-isitmali-lehimleme-makinalari\/","title":{"rendered":"\u0130nd\u00fcksiyon Is\u0131tmal\u0131 Lehimleme Makinalar\u0131"},"content":{"rendered":"","protected":false},"excerpt":{"rendered":"","protected":false},"featured_media":16419,"template":"","meta":[],"product_cat":[109],"product_tag":[],"class_list":{"0":"post-16418","1":"product","2":"type-product","3":"status-publish","4":"has-post-thumbnail","6":"product_cat-induksiyon-isitmali-lehimleme-makinalari","8":"first","9":"instock","10":"shipping-taxable","11":"product-type-simple"},"_links":{"self":[{"href":"https:\/\/sablon.sosyaldizayn.com\/avabis\/wp-json\/wp\/v2\/product\/16418","targetHints":{"allow":["GET"]}}],"collection":[{"href":"https:\/\/sablon.sosyaldizayn.com\/avabis\/wp-json\/wp\/v2\/product"}],"about":[{"href":"https:\/\/sablon.sosyaldizayn.com\/avabis\/wp-json\/wp\/v2\/types\/product"}],"version-history":[{"count":1,"href":"https:\/\/sablon.sosyaldizayn.com\/avabis\/wp-json\/wp\/v2\/product\/16418\/revisions"}],"predecessor-version":[{"id":16425,"href":"https:\/\/sablon.sosyaldizayn.com\/avabis\/wp-json\/wp\/v2\/product\/16418\/revisions\/16425"}],"wp:featuredmedia":[{"embeddable":true,"href":"https:\/\/sablon.sosyaldizayn.com\/avabis\/wp-json\/wp\/v2\/media\/16419"}],"wp:attachment":[{"href":"https:\/\/sablon.sosyaldizayn.com\/avabis\/wp-json\/wp\/v2\/media?parent=16418"}],"wp:term":[{"taxonomy":"product_cat","embeddable":true,"href":"https:\/\/sablon.sosyaldizayn.com\/avabis\/wp-json\/wp\/v2\/product_cat?post=16418"},{"taxonomy":"product_tag","embeddable":true,"href":"https:\/\/sablon.sosyaldizayn.com\/avabis\/wp-json\/wp\/v2\/product_tag?post=16418"}],"curies":[{"name":"wp","href":"https:\/\/api.w.org\/{rel}","templated":true}]}}