{"id":16432,"date":"2025-04-07T05:45:37","date_gmt":"2025-04-07T05:45:37","guid":{"rendered":"https:\/\/sablon.sosyaldizayn.com\/avabis\/?post_type=product&#038;p=16432"},"modified":"2025-04-11T09:16:07","modified_gmt":"2025-04-11T09:16:07","slug":"cesitli-kaynak-makinalari","status":"publish","type":"product","link":"https:\/\/sablon.sosyaldizayn.com\/avabis\/urun\/cesitli-kaynak-makinalari\/","title":{"rendered":"\u00c7e\u015fitli Lehimleme Makinalar\u0131"},"content":{"rendered":"","protected":false},"excerpt":{"rendered":"","protected":false},"featured_media":16433,"template":"","meta":[],"product_cat":[111],"product_tag":[],"class_list":{"0":"post-16432","1":"product","2":"type-product","3":"status-publish","4":"has-post-thumbnail","6":"product_cat-cesitli-kaynak-makinalari","8":"first","9":"instock","10":"shipping-taxable","11":"product-type-simple"},"_links":{"self":[{"href":"https:\/\/sablon.sosyaldizayn.com\/avabis\/wp-json\/wp\/v2\/product\/16432","targetHints":{"allow":["GET"]}}],"collection":[{"href":"https:\/\/sablon.sosyaldizayn.com\/avabis\/wp-json\/wp\/v2\/product"}],"about":[{"href":"https:\/\/sablon.sosyaldizayn.com\/avabis\/wp-json\/wp\/v2\/types\/product"}],"version-history":[{"count":2,"href":"https:\/\/sablon.sosyaldizayn.com\/avabis\/wp-json\/wp\/v2\/product\/16432\/revisions"}],"predecessor-version":[{"id":16541,"href":"https:\/\/sablon.sosyaldizayn.com\/avabis\/wp-json\/wp\/v2\/product\/16432\/revisions\/16541"}],"wp:featuredmedia":[{"embeddable":true,"href":"https:\/\/sablon.sosyaldizayn.com\/avabis\/wp-json\/wp\/v2\/media\/16433"}],"wp:attachment":[{"href":"https:\/\/sablon.sosyaldizayn.com\/avabis\/wp-json\/wp\/v2\/media?parent=16432"}],"wp:term":[{"taxonomy":"product_cat","embeddable":true,"href":"https:\/\/sablon.sosyaldizayn.com\/avabis\/wp-json\/wp\/v2\/product_cat?post=16432"},{"taxonomy":"product_tag","embeddable":true,"href":"https:\/\/sablon.sosyaldizayn.com\/avabis\/wp-json\/wp\/v2\/product_tag?post=16432"}],"curies":[{"name":"wp","href":"https:\/\/api.w.org\/{rel}","templated":true}]}}